{"id":2407,"date":"2024-02-15T11:40:59","date_gmt":"2024-02-15T10:40:59","guid":{"rendered":"http:\/\/pawelecmodern.srv58744.seohost.com.pl\/kontakt\/"},"modified":"2024-02-22T17:01:11","modified_gmt":"2024-02-22T16:01:11","slug":"kontakt","status":"publish","type":"page","link":"https:\/\/pwl-headers.com\/de\/kontakt\/","title":{"rendered":"Kontakt"},"content":{"rendered":"\t\t<div data-elementor-type=\"wp-page\" data-elementor-id=\"2407\" class=\"elementor elementor-2407 elementor-2256\" data-elementor-post-type=\"page\">\n\t\t\t\t<div class=\"elementor-element elementor-element-04319e7 e-flex e-con-boxed e-con e-parent\" data-id=\"04319e7\" data-element_type=\"container\">\n\t\t\t\t\t<div class=\"e-con-inner\">\n\t\t<div class=\"elementor-element elementor-element-3fb0fe7 e-con-full e-flex e-con e-child\" data-id=\"3fb0fe7\" data-element_type=\"container\">\n\t\t\t\t<div class=\"elementor-element elementor-element-9287b95 elementor-widget elementor-widget-text-editor\" data-id=\"9287b95\" data-element_type=\"widget\" data-widget_type=\"text-editor.default\">\n\t\t\t\t<div class=\"elementor-widget-container\">\n\t\t\t\t\t\t\t\t\t<h3>Kontakt<\/h3>\n<p><strong>B\u00fcro ge\u00f6ffnet<\/strong><br \/>\nMo &#8211; Fr 8:00 &#8211; 15:00, Sa: 9:00 &#8211; 12:00<\/p>\n<p><strong>Adresse:<\/strong><br \/>\nStra\u00dfe Kolejowa 23a, 33-210 Olesno<br \/>\nWoiwodschaft Kleinpolen<\/p>\n<p class=\"nm\"><strong>Telefon:<\/strong><\/p>\n<p class=\"phonec\">+48 795 700 895<\/p>\n<p class=\"nm\"><strong>E-Mail:<\/strong><\/p>\n<p class=\"mailc\"><a href=\"mailto:biuro@pwl-headers.com\">biuro@pwl-headers.com<\/a><\/p>\n\t\t\t\t\t\t\t\t<\/div>\n\t\t\t\t<\/div>\n\t\t\t\t<\/div>\n\t\t<div class=\"elementor-element elementor-element-02084b5 e-con-full e-flex e-con e-child\" data-id=\"02084b5\" data-element_type=\"container\">\n\t\t\t\t<div class=\"elementor-element elementor-element-4cbd7fb elementor-widget elementor-widget-html\" data-id=\"4cbd7fb\" data-element_type=\"widget\" data-widget_type=\"html.default\">\n\t\t\t\t<div class=\"elementor-widget-container\">\n\t\t\t\t\t<div class=\"map\">\r\n<iframe src=\"https:\/\/www.google.com\/maps\/embed?pb=!1m18!1m12!1m3!1d2554.075958306407!2d20.9375093!3d50.1971111!2m3!1f0!2f0!3f0!3m2!1i1024!2i768!4f13.1!3m3!1m2!1s0x473d7dd5295a44ff%3A0x7808f28840e5c782!2sKolejowa%2023A%2C%2033-210%20Olesno!5e0!3m2!1spl!2spl!4v1690990176878!5m2!1spl!2spl\" width=\"600\" height=\"546\" style=\"border:0;\" allowfullscreen=\"\" loading=\"lazy\" referrerpolicy=\"no-referrer-when-downgrade\"><\/iframe>  \r\n<\/div>\t\t\t\t<\/div>\n\t\t\t\t<\/div>\n\t\t\t\t<\/div>\n\t\t\t\t\t<\/div>\n\t\t\t\t<\/div>\n\t\t\t\t<\/div>\n\t\t","protected":false},"excerpt":{"rendered":"<p>Kontakt B\u00fcro ge\u00f6ffnet Mo &#8211; Fr 8:00 &#8211; 15:00, Sa: 9:00 &#8211; 12:00 Adresse: Stra\u00dfe Kolejowa 23a, 33-210 Olesno Woiwodschaft Kleinpolen Telefon: +48 795 700 895 E-Mail: biuro@pwl-headers.com<\/p>\n","protected":false},"author":1,"featured_media":0,"parent":0,"menu_order":0,"comment_status":"closed","ping_status":"closed","template":"","meta":{"footnotes":""},"class_list":["post-2407","page","type-page","status-publish","hentry"],"_links":{"self":[{"href":"https:\/\/pwl-headers.com\/de\/wp-json\/wp\/v2\/pages\/2407","targetHints":{"allow":["GET"]}}],"collection":[{"href":"https:\/\/pwl-headers.com\/de\/wp-json\/wp\/v2\/pages"}],"about":[{"href":"https:\/\/pwl-headers.com\/de\/wp-json\/wp\/v2\/types\/page"}],"author":[{"embeddable":true,"href":"https:\/\/pwl-headers.com\/de\/wp-json\/wp\/v2\/users\/1"}],"replies":[{"embeddable":true,"href":"https:\/\/pwl-headers.com\/de\/wp-json\/wp\/v2\/comments?post=2407"}],"version-history":[{"count":0,"href":"https:\/\/pwl-headers.com\/de\/wp-json\/wp\/v2\/pages\/2407\/revisions"}],"wp:attachment":[{"href":"https:\/\/pwl-headers.com\/de\/wp-json\/wp\/v2\/media?parent=2407"}],"curies":[{"name":"wp","href":"https:\/\/api.w.org\/{rel}","templated":true}]}}