{"id":2428,"date":"2024-02-15T11:40:46","date_gmt":"2024-02-15T10:40:46","guid":{"rendered":"http:\/\/pawelecmodern.srv58744.seohost.com.pl\/herunterladen\/"},"modified":"2024-02-22T11:53:45","modified_gmt":"2024-02-22T10:53:45","slug":"herunterladen","status":"publish","type":"page","link":"https:\/\/pwl-headers.com\/de\/herunterladen\/","title":{"rendered":"Herunterladen"},"content":{"rendered":"\t\t<div data-elementor-type=\"wp-page\" data-elementor-id=\"2428\" class=\"elementor elementor-2428 elementor-2254\" data-elementor-post-type=\"page\">\n\t\t\t\t<div class=\"elementor-element elementor-element-9b98999 e-flex e-con-boxed e-con e-parent\" data-id=\"9b98999\" data-element_type=\"container\" data-settings=\"{&quot;background_background&quot;:&quot;classic&quot;}\">\n\t\t\t\t\t<div class=\"e-con-inner\">\n\t\t<div class=\"elementor-element elementor-element-f36bd79 e-con-full e-flex e-con e-child\" data-id=\"f36bd79\" data-element_type=\"container\">\n\t\t\t\t<div class=\"elementor-element elementor-element-064cbcd elementor-position-inline-start elementor-view-default elementor-mobile-position-block-start elementor-widget elementor-widget-icon-box\" data-id=\"064cbcd\" data-element_type=\"widget\" data-widget_type=\"icon-box.default\">\n\t\t\t\t<div class=\"elementor-widget-container\">\n\t\t\t\t\t\t\t<div class=\"elementor-icon-box-wrapper\">\n\n\t\t\t\t\t\t<div class=\"elementor-icon-box-icon\">\n\t\t\t\t<a href=\"https:\/\/pwl-headers.com\/wp-content\/uploads\/2023\/10\/Przystawka-Kukurydza-PL.pdf\" class=\"elementor-icon\" tabindex=\"-1\" aria-label=\"HEADER F\u00dcR MAISERNTE PL\">\n\t\t\t\t<i aria-hidden=\"true\" class=\"fas fa-file-pdf\"><\/i>\t\t\t\t<\/a>\n\t\t\t<\/div>\n\t\t\t\n\t\t\t\t\t\t<div class=\"elementor-icon-box-content\">\n\n\t\t\t\t\t\t\t\t\t<p class=\"elementor-icon-box-title\">\n\t\t\t\t\t\t<a href=\"https:\/\/pwl-headers.com\/wp-content\/uploads\/2023\/10\/Przystawka-Kukurydza-PL.pdf\" >\n\t\t\t\t\t\t\tHEADER F\u00dcR MAISERNTE PL\t\t\t\t\t\t<\/a>\n\t\t\t\t\t<\/p>\n\t\t\t\t\n\t\t\t\t\t\t\t\t\t<p class=\"elementor-icon-box-description\">\n\t\t\t\t\t\tInformationsbrosch\u00fcre\t\t\t\t\t<\/p>\n\t\t\t\t\n\t\t\t<\/div>\n\t\t\t\n\t\t<\/div>\n\t\t\t\t\t\t<\/div>\n\t\t\t\t<\/div>\n\t\t\t\t<div class=\"elementor-element elementor-element-33e4b94 elementor-position-inline-start elementor-view-default elementor-mobile-position-block-start elementor-widget elementor-widget-icon-box\" data-id=\"33e4b94\" data-element_type=\"widget\" data-widget_type=\"icon-box.default\">\n\t\t\t\t<div class=\"elementor-widget-container\">\n\t\t\t\t\t\t\t<div class=\"elementor-icon-box-wrapper\">\n\n\t\t\t\t\t\t<div class=\"elementor-icon-box-icon\">\n\t\t\t\t<a href=\"https:\/\/pwl-headers.com\/wp-content\/uploads\/2023\/10\/Przystawka-Sloneczki-PL.pdf\" class=\"elementor-icon\" tabindex=\"-1\" aria-label=\"HEADER F\u00dcR SONNENBLUMENERNTE PL\">\n\t\t\t\t<i aria-hidden=\"true\" class=\"fas fa-file-pdf\"><\/i>\t\t\t\t<\/a>\n\t\t\t<\/div>\n\t\t\t\n\t\t\t\t\t\t<div class=\"elementor-icon-box-content\">\n\n\t\t\t\t\t\t\t\t\t<p class=\"elementor-icon-box-title\">\n\t\t\t\t\t\t<a href=\"https:\/\/pwl-headers.com\/wp-content\/uploads\/2023\/10\/Przystawka-Sloneczki-PL.pdf\" >\n\t\t\t\t\t\t\tHEADER F\u00dcR SONNENBLUMENERNTE PL\t\t\t\t\t\t<\/a>\n\t\t\t\t\t<\/p>\n\t\t\t\t\n\t\t\t\t\t\t\t\t\t<p class=\"elementor-icon-box-description\">\n\t\t\t\t\t\tInformationsbrosch\u00fcre\t\t\t\t\t<\/p>\n\t\t\t\t\n\t\t\t<\/div>\n\t\t\t\n\t\t<\/div>\n\t\t\t\t\t\t<\/div>\n\t\t\t\t<\/div>\n\t\t\t\t<\/div>\n\t\t<div class=\"elementor-element elementor-element-1ca6ed8 e-con-full e-flex e-con e-child\" data-id=\"1ca6ed8\" data-element_type=\"container\">\n\t\t\t\t<div class=\"elementor-element elementor-element-b11d108 elementor-position-inline-start elementor-view-default elementor-mobile-position-block-start elementor-widget elementor-widget-icon-box\" data-id=\"b11d108\" data-element_type=\"widget\" data-widget_type=\"icon-box.default\">\n\t\t\t\t<div class=\"elementor-widget-container\">\n\t\t\t\t\t\t\t<div class=\"elementor-icon-box-wrapper\">\n\n\t\t\t\t\t\t<div class=\"elementor-icon-box-icon\">\n\t\t\t\t<a href=\"https:\/\/pwl-headers.com\/wp-content\/uploads\/2023\/10\/Przystawka-Kukurydza-DE.pdf\" class=\"elementor-icon\" tabindex=\"-1\" aria-label=\"HEADER F\u00dcR MAISERNTE DE\">\n\t\t\t\t<i aria-hidden=\"true\" class=\"fas fa-file-pdf\"><\/i>\t\t\t\t<\/a>\n\t\t\t<\/div>\n\t\t\t\n\t\t\t\t\t\t<div class=\"elementor-icon-box-content\">\n\n\t\t\t\t\t\t\t\t\t<p class=\"elementor-icon-box-title\">\n\t\t\t\t\t\t<a href=\"https:\/\/pwl-headers.com\/wp-content\/uploads\/2023\/10\/Przystawka-Kukurydza-DE.pdf\" >\n\t\t\t\t\t\t\tHEADER F\u00dcR MAISERNTE DE\t\t\t\t\t\t<\/a>\n\t\t\t\t\t<\/p>\n\t\t\t\t\n\t\t\t\t\t\t\t\t\t<p class=\"elementor-icon-box-description\">\n\t\t\t\t\t\tInformationsbrosch\u00fcre\t\t\t\t\t<\/p>\n\t\t\t\t\n\t\t\t<\/div>\n\t\t\t\n\t\t<\/div>\n\t\t\t\t\t\t<\/div>\n\t\t\t\t<\/div>\n\t\t\t\t<div class=\"elementor-element elementor-element-68769a4 elementor-position-inline-start elementor-view-default elementor-mobile-position-block-start elementor-widget elementor-widget-icon-box\" data-id=\"68769a4\" data-element_type=\"widget\" data-widget_type=\"icon-box.default\">\n\t\t\t\t<div class=\"elementor-widget-container\">\n\t\t\t\t\t\t\t<div class=\"elementor-icon-box-wrapper\">\n\n\t\t\t\t\t\t<div class=\"elementor-icon-box-icon\">\n\t\t\t\t<a href=\"https:\/\/pwl-headers.com\/wp-content\/uploads\/2023\/10\/Przystawka-Sloneczki-DE.pdf\" class=\"elementor-icon\" tabindex=\"-1\" aria-label=\"HEADER F\u00dcR SONNENBLUMENERNTE DE\">\n\t\t\t\t<i aria-hidden=\"true\" class=\"fas fa-file-pdf\"><\/i>\t\t\t\t<\/a>\n\t\t\t<\/div>\n\t\t\t\n\t\t\t\t\t\t<div class=\"elementor-icon-box-content\">\n\n\t\t\t\t\t\t\t\t\t<p class=\"elementor-icon-box-title\">\n\t\t\t\t\t\t<a href=\"https:\/\/pwl-headers.com\/wp-content\/uploads\/2023\/10\/Przystawka-Sloneczki-DE.pdf\" >\n\t\t\t\t\t\t\tHEADER F\u00dcR SONNENBLUMENERNTE DE\t\t\t\t\t\t<\/a>\n\t\t\t\t\t<\/p>\n\t\t\t\t\n\t\t\t\t\t\t\t\t\t<p class=\"elementor-icon-box-description\">\n\t\t\t\t\t\tInformationsbrosch\u00fcre\t\t\t\t\t<\/p>\n\t\t\t\t\n\t\t\t<\/div>\n\t\t\t\n\t\t<\/div>\n\t\t\t\t\t\t<\/div>\n\t\t\t\t<\/div>\n\t\t\t\t<\/div>\n\t\t<div class=\"elementor-element elementor-element-8bf6df8 e-con-full e-flex e-con e-child\" data-id=\"8bf6df8\" data-element_type=\"container\">\n\t\t\t\t<div class=\"elementor-element elementor-element-f68a58b elementor-position-inline-start elementor-view-default elementor-mobile-position-block-start elementor-widget elementor-widget-icon-box\" data-id=\"f68a58b\" data-element_type=\"widget\" data-widget_type=\"icon-box.default\">\n\t\t\t\t<div class=\"elementor-widget-container\">\n\t\t\t\t\t\t\t<div class=\"elementor-icon-box-wrapper\">\n\n\t\t\t\t\t\t<div class=\"elementor-icon-box-icon\">\n\t\t\t\t<a href=\"https:\/\/pwl-headers.com\/wp-content\/uploads\/2023\/10\/Przystawka-Kukurydza-EN.pdf\" class=\"elementor-icon\" tabindex=\"-1\" aria-label=\"HEADER F\u00dcR MAISERNTE EN\">\n\t\t\t\t<i aria-hidden=\"true\" class=\"fas fa-file-pdf\"><\/i>\t\t\t\t<\/a>\n\t\t\t<\/div>\n\t\t\t\n\t\t\t\t\t\t<div class=\"elementor-icon-box-content\">\n\n\t\t\t\t\t\t\t\t\t<p class=\"elementor-icon-box-title\">\n\t\t\t\t\t\t<a href=\"https:\/\/pwl-headers.com\/wp-content\/uploads\/2023\/10\/Przystawka-Kukurydza-EN.pdf\" >\n\t\t\t\t\t\t\tHEADER F\u00dcR MAISERNTE EN\t\t\t\t\t\t<\/a>\n\t\t\t\t\t<\/p>\n\t\t\t\t\n\t\t\t\t\t\t\t\t\t<p class=\"elementor-icon-box-description\">\n\t\t\t\t\t\tInformationsbrosch\u00fcre\t\t\t\t\t<\/p>\n\t\t\t\t\n\t\t\t<\/div>\n\t\t\t\n\t\t<\/div>\n\t\t\t\t\t\t<\/div>\n\t\t\t\t<\/div>\n\t\t\t\t<div class=\"elementor-element elementor-element-f6578ac elementor-position-inline-start elementor-view-default elementor-mobile-position-block-start elementor-widget elementor-widget-icon-box\" data-id=\"f6578ac\" data-element_type=\"widget\" data-widget_type=\"icon-box.default\">\n\t\t\t\t<div class=\"elementor-widget-container\">\n\t\t\t\t\t\t\t<div class=\"elementor-icon-box-wrapper\">\n\n\t\t\t\t\t\t<div class=\"elementor-icon-box-icon\">\n\t\t\t\t<a href=\"https:\/\/pwl-headers.com\/wp-content\/uploads\/2023\/10\/Przystawka-Sloneczki-EN.pdf\" class=\"elementor-icon\" tabindex=\"-1\" aria-label=\"Przystawka s\u0142onecznikowa EN\">\n\t\t\t\t<i aria-hidden=\"true\" class=\"fas fa-file-pdf\"><\/i>\t\t\t\t<\/a>\n\t\t\t<\/div>\n\t\t\t\n\t\t\t\t\t\t<div class=\"elementor-icon-box-content\">\n\n\t\t\t\t\t\t\t\t\t<p class=\"elementor-icon-box-title\">\n\t\t\t\t\t\t<a href=\"https:\/\/pwl-headers.com\/wp-content\/uploads\/2023\/10\/Przystawka-Sloneczki-EN.pdf\" >\n\t\t\t\t\t\t\tPrzystawka s\u0142onecznikowa EN\t\t\t\t\t\t<\/a>\n\t\t\t\t\t<\/p>\n\t\t\t\t\n\t\t\t\t\t\t\t\t\t<p class=\"elementor-icon-box-description\">\n\t\t\t\t\t\tInformationsbrosch\u00fcre\t\t\t\t\t<\/p>\n\t\t\t\t\n\t\t\t<\/div>\n\t\t\t\n\t\t<\/div>\n\t\t\t\t\t\t<\/div>\n\t\t\t\t<\/div>\n\t\t\t\t<\/div>\n\t\t\t\t\t<\/div>\n\t\t\t\t<\/div>\n\t\t\t\t<\/div>\n\t\t","protected":false},"excerpt":{"rendered":"<p>HEADER F\u00dcR MAISERNTE PL Informationsbrosch\u00fcre HEADER F\u00dcR SONNENBLUMENERNTE PL Informationsbrosch\u00fcre HEADER F\u00dcR MAISERNTE DE Informationsbrosch\u00fcre HEADER F\u00dcR SONNENBLUMENERNTE DE Informationsbrosch\u00fcre HEADER F\u00dcR MAISERNTE EN Informationsbrosch\u00fcre Przystawka s\u0142onecznikowa EN Informationsbrosch\u00fcre<\/p>\n","protected":false},"author":1,"featured_media":0,"parent":0,"menu_order":0,"comment_status":"closed","ping_status":"closed","template":"","meta":{"footnotes":""},"class_list":["post-2428","page","type-page","status-publish","hentry"],"_links":{"self":[{"href":"https:\/\/pwl-headers.com\/de\/wp-json\/wp\/v2\/pages\/2428","targetHints":{"allow":["GET"]}}],"collection":[{"href":"https:\/\/pwl-headers.com\/de\/wp-json\/wp\/v2\/pages"}],"about":[{"href":"https:\/\/pwl-headers.com\/de\/wp-json\/wp\/v2\/types\/page"}],"author":[{"embeddable":true,"href":"https:\/\/pwl-headers.com\/de\/wp-json\/wp\/v2\/users\/1"}],"replies":[{"embeddable":true,"href":"https:\/\/pwl-headers.com\/de\/wp-json\/wp\/v2\/comments?post=2428"}],"version-history":[{"count":0,"href":"https:\/\/pwl-headers.com\/de\/wp-json\/wp\/v2\/pages\/2428\/revisions"}],"wp:attachment":[{"href":"https:\/\/pwl-headers.com\/de\/wp-json\/wp\/v2\/media?parent=2428"}],"curies":[{"name":"wp","href":"https:\/\/api.w.org\/{rel}","templated":true}]}}