{"id":2719,"date":"2024-02-22T17:46:46","date_gmt":"2024-02-22T16:46:46","guid":{"rendered":"http:\/\/pawelecmodern.srv58744.seohost.com.pl\/projekte\/"},"modified":"2024-02-22T20:18:30","modified_gmt":"2024-02-22T19:18:30","slug":"projekte","status":"publish","type":"page","link":"https:\/\/pwl-headers.com\/de\/projekte\/","title":{"rendered":"Projekte"},"content":{"rendered":"\t\t<div data-elementor-type=\"wp-page\" data-elementor-id=\"2719\" class=\"elementor elementor-2719 elementor-2710\" data-elementor-post-type=\"page\">\n\t\t\t\t<div class=\"elementor-element elementor-element-cdb47c7 e-flex e-con-boxed e-con e-parent\" data-id=\"cdb47c7\" data-element_type=\"container\">\n\t\t\t\t\t<div class=\"e-con-inner\">\n\t\t\t\t<div class=\"elementor-element elementor-element-7479e59 elementor-grid-3 elementor-grid-tablet-2 elementor-grid-mobile-1 elementor-posts--thumbnail-top elementor-widget elementor-widget-posts\" data-id=\"7479e59\" data-element_type=\"widget\" data-settings=\"{&quot;classic_columns&quot;:&quot;3&quot;,&quot;classic_columns_tablet&quot;:&quot;2&quot;,&quot;classic_columns_mobile&quot;:&quot;1&quot;,&quot;classic_row_gap&quot;:{&quot;unit&quot;:&quot;px&quot;,&quot;size&quot;:35,&quot;sizes&quot;:[]},&quot;classic_row_gap_laptop&quot;:{&quot;unit&quot;:&quot;px&quot;,&quot;size&quot;:&quot;&quot;,&quot;sizes&quot;:[]},&quot;classic_row_gap_tablet_extra&quot;:{&quot;unit&quot;:&quot;px&quot;,&quot;size&quot;:&quot;&quot;,&quot;sizes&quot;:[]},&quot;classic_row_gap_tablet&quot;:{&quot;unit&quot;:&quot;px&quot;,&quot;size&quot;:&quot;&quot;,&quot;sizes&quot;:[]},&quot;classic_row_gap_mobile&quot;:{&quot;unit&quot;:&quot;px&quot;,&quot;size&quot;:&quot;&quot;,&quot;sizes&quot;:[]}}\" data-widget_type=\"posts.classic\">\n\t\t\t\t<div class=\"elementor-widget-container\">\n\t\t\t\t\t\t\t<div class=\"elementor-posts-container elementor-posts elementor-posts--skin-classic elementor-grid\" role=\"list\">\n\t\t\t\t<article class=\"elementor-post elementor-grid-item post-2819 post type-post status-publish format-standard has-post-thumbnail hentry category-unkategorisiert\" role=\"listitem\">\n\t\t\t\t<a class=\"elementor-post__thumbnail__link\" href=\"https:\/\/pwl-headers.com\/de\/pwl-master-flow-6-75-h\/\" tabindex=\"-1\" >\n\t\t\t<div class=\"elementor-post__thumbnail\"><img fetchpriority=\"high\" decoding=\"async\" width=\"410\" height=\"256\" src=\"https:\/\/pwl-headers.com\/wp-content\/uploads\/2023\/11\/przystawki-pwl-headers-4.webp\" class=\"attachment-medium_large size-medium_large wp-image-2682\" alt=\"\" srcset=\"https:\/\/pwl-headers.com\/wp-content\/uploads\/2023\/11\/przystawki-pwl-headers-4.webp 410w, https:\/\/pwl-headers.com\/wp-content\/uploads\/2023\/11\/przystawki-pwl-headers-4-300x187.webp 300w\" sizes=\"(max-width: 410px) 100vw, 410px\" \/><\/div>\n\t\t<\/a>\n\t\t\t\t<div class=\"elementor-post__text\">\n\t\t\t\t<h2 class=\"elementor-post__title\">\n\t\t\t<a href=\"https:\/\/pwl-headers.com\/de\/pwl-master-flow-6-75-h\/\" >\n\t\t\t\tPWL Master FLOW 6.75 H\t\t\t<\/a>\n\t\t<\/h2>\n\t\t\t\t<div class=\"elementor-post__meta-data\">\n\t\t\t\t\t<span class=\"elementor-post-date\">\n\t\t\t2023-11-14\t\t<\/span>\n\t\t\t\t<\/div>\n\t\t\t\t<div class=\"elementor-post__excerpt\">\n\t\t\t<p>Das Maisernteger\u00e4t PWL Master FLOW 6.75 H ist auf dem Hof von Pawelecagro angekommen. Wir<br \/>\nhaben nicht nur Erfahrung im Bau von Maschinen, sondern kennen diese Branchen auch in- und<br \/>\nauswendig, weil wir selbst Landwirte sind. Unsere Anbauger\u00e4te sind Maschinen mit einer optimal<br \/>\neinfachen und langlebigen Konstruktion.<\/p>\n\t\t<\/div>\n\t\t\n\t\t<a class=\"elementor-post__read-more\" href=\"https:\/\/pwl-headers.com\/de\/pwl-master-flow-6-75-h\/\" aria-label=\"Read more about PWL Master FLOW 6.75 H\" tabindex=\"-1\" >\n\t\t\tMehr lesen \u00bb\t\t<\/a>\n\n\t\t\t\t<\/div>\n\t\t\t\t<\/article>\n\t\t\t\t<article class=\"elementor-post elementor-grid-item post-2821 post type-post status-publish format-standard has-post-thumbnail hentry category-unkategorisiert\" role=\"listitem\">\n\t\t\t\t<a class=\"elementor-post__thumbnail__link\" href=\"https:\/\/pwl-headers.com\/de\/pwl-speed-flow-7-75\/\" tabindex=\"-1\" >\n\t\t\t<div class=\"elementor-post__thumbnail\"><img decoding=\"async\" width=\"410\" height=\"256\" src=\"https:\/\/pwl-headers.com\/wp-content\/uploads\/2023\/11\/przystawki-pwl-headers-5.webp\" class=\"attachment-medium_large size-medium_large wp-image-2686\" alt=\"\" srcset=\"https:\/\/pwl-headers.com\/wp-content\/uploads\/2023\/11\/przystawki-pwl-headers-5.webp 410w, https:\/\/pwl-headers.com\/wp-content\/uploads\/2023\/11\/przystawki-pwl-headers-5-300x187.webp 300w\" sizes=\"(max-width: 410px) 100vw, 410px\" \/><\/div>\n\t\t<\/a>\n\t\t\t\t<div class=\"elementor-post__text\">\n\t\t\t\t<h2 class=\"elementor-post__title\">\n\t\t\t<a href=\"https:\/\/pwl-headers.com\/de\/pwl-speed-flow-7-75\/\" >\n\t\t\t\tPWL Speed FLOW 7.75\t\t\t<\/a>\n\t\t<\/h2>\n\t\t\t\t<div class=\"elementor-post__meta-data\">\n\t\t\t\t\t<span class=\"elementor-post-date\">\n\t\t\t2023-11-10\t\t<\/span>\n\t\t\t\t<\/div>\n\t\t\t\t<div class=\"elementor-post__excerpt\">\n\t\t\t<p>Der PWL Speed FLOW 7.75 hat seinen Weg in die Woiwodschaft Podlachien gefunden und wird von<br \/>\nHerrn S\u0142awomir eingesetzt.<\/p>\n\t\t<\/div>\n\t\t\n\t\t<a class=\"elementor-post__read-more\" href=\"https:\/\/pwl-headers.com\/de\/pwl-speed-flow-7-75\/\" aria-label=\"Read more about PWL Speed FLOW 7.75\" tabindex=\"-1\" >\n\t\t\tMehr lesen \u00bb\t\t<\/a>\n\n\t\t\t\t<\/div>\n\t\t\t\t<\/article>\n\t\t\t\t<article class=\"elementor-post elementor-grid-item post-2823 post type-post status-publish format-standard has-post-thumbnail hentry category-unkategorisiert\" role=\"listitem\">\n\t\t\t\t<a class=\"elementor-post__thumbnail__link\" href=\"https:\/\/pwl-headers.com\/de\/pwl-speed-flow-6-75\/\" tabindex=\"-1\" >\n\t\t\t<div class=\"elementor-post__thumbnail\"><img decoding=\"async\" width=\"410\" height=\"256\" src=\"https:\/\/pwl-headers.com\/wp-content\/uploads\/2023\/11\/przystawki-pwl-headers-1.webp\" class=\"attachment-medium_large size-medium_large wp-image-2690\" alt=\"\" srcset=\"https:\/\/pwl-headers.com\/wp-content\/uploads\/2023\/11\/przystawki-pwl-headers-1.webp 410w, https:\/\/pwl-headers.com\/wp-content\/uploads\/2023\/11\/przystawki-pwl-headers-1-300x187.webp 300w\" sizes=\"(max-width: 410px) 100vw, 410px\" \/><\/div>\n\t\t<\/a>\n\t\t\t\t<div class=\"elementor-post__text\">\n\t\t\t\t<h2 class=\"elementor-post__title\">\n\t\t\t<a href=\"https:\/\/pwl-headers.com\/de\/pwl-speed-flow-6-75\/\" >\n\t\t\t\tPWL Speed FLOW 6.75\t\t\t<\/a>\n\t\t<\/h2>\n\t\t\t\t<div class=\"elementor-post__meta-data\">\n\t\t\t\t\t<span class=\"elementor-post-date\">\n\t\t\t2023-11-10\t\t<\/span>\n\t\t\t\t<\/div>\n\t\t\t\t<div class=\"elementor-post__excerpt\">\n\t\t\t<p>Unser Unternehmen arbeitet mit Leidenschaft und Engagement, um die Erwartungen unserer<br \/>\nKunden zu erf\u00fcllen. Wir bedanken uns bei Herrn Alojzy aus der Woiwodschaft Oppeln f\u00fcr den Kauf<br \/>\nunseres Sonnenblumenernteger\u00e4ts PWL Speed FLOW 6.75 und f\u00fcr das Vertrauen, das Sie uns<br \/>\nentgegengebracht haben. Wir sind bereit, unseren Kunden mit Rat und Tat zur Seite zu stehen.<\/p>\n\t\t<\/div>\n\t\t\n\t\t<a class=\"elementor-post__read-more\" href=\"https:\/\/pwl-headers.com\/de\/pwl-speed-flow-6-75\/\" aria-label=\"Read more about PWL Speed FLOW 6.75\" tabindex=\"-1\" >\n\t\t\tMehr lesen \u00bb\t\t<\/a>\n\n\t\t\t\t<\/div>\n\t\t\t\t<\/article>\n\t\t\t\t<article class=\"elementor-post elementor-grid-item post-2825 post type-post status-publish format-standard has-post-thumbnail hentry category-unkategorisiert\" role=\"listitem\">\n\t\t\t\t<a class=\"elementor-post__thumbnail__link\" href=\"https:\/\/pwl-headers.com\/de\/pwl-master-flow-6-75-h-2\/\" tabindex=\"-1\" >\n\t\t\t<div class=\"elementor-post__thumbnail\"><img loading=\"lazy\" decoding=\"async\" width=\"410\" height=\"256\" src=\"https:\/\/pwl-headers.com\/wp-content\/uploads\/2023\/11\/przystawki-pwl-headers-3.webp\" class=\"attachment-medium_large size-medium_large wp-image-2694\" alt=\"\" srcset=\"https:\/\/pwl-headers.com\/wp-content\/uploads\/2023\/11\/przystawki-pwl-headers-3.webp 410w, https:\/\/pwl-headers.com\/wp-content\/uploads\/2023\/11\/przystawki-pwl-headers-3-300x187.webp 300w\" sizes=\"(max-width: 410px) 100vw, 410px\" \/><\/div>\n\t\t<\/a>\n\t\t\t\t<div class=\"elementor-post__text\">\n\t\t\t\t<h2 class=\"elementor-post__title\">\n\t\t\t<a href=\"https:\/\/pwl-headers.com\/de\/pwl-master-flow-6-75-h-2\/\" >\n\t\t\t\tPWL Master FLOW 6.75 H\t\t\t<\/a>\n\t\t<\/h2>\n\t\t\t\t<div class=\"elementor-post__meta-data\">\n\t\t\t\t\t<span class=\"elementor-post-date\">\n\t\t\t2023-11-02\t\t<\/span>\n\t\t\t\t<\/div>\n\t\t\t\t<div class=\"elementor-post__excerpt\">\n\t\t\t<p>Klappbarer PWL Master FLOW 6.75 H, geliefert an Herrn Grzegorz aus der Woiwodschaft<br \/>\n\u015awi\u0119tokrzyskie. Nochmals vielen Dank, dass Sie sich f\u00fcr unser Anbauger\u00e4t entschieden haben, wir<br \/>\nhoffen, dass Sie mit ihm zufrieden sein werden.<\/p>\n\t\t<\/div>\n\t\t\n\t\t<a class=\"elementor-post__read-more\" href=\"https:\/\/pwl-headers.com\/de\/pwl-master-flow-6-75-h-2\/\" aria-label=\"Read more about PWL Master FLOW 6.75 H\" tabindex=\"-1\" >\n\t\t\tMehr lesen \u00bb\t\t<\/a>\n\n\t\t\t\t<\/div>\n\t\t\t\t<\/article>\n\t\t\t\t<article class=\"elementor-post elementor-grid-item post-2827 post type-post status-publish format-standard has-post-thumbnail hentry category-unkategorisiert\" role=\"listitem\">\n\t\t\t\t<a class=\"elementor-post__thumbnail__link\" href=\"https:\/\/pwl-headers.com\/de\/pwl-speed-flow-10-75\/\" tabindex=\"-1\" >\n\t\t\t<div class=\"elementor-post__thumbnail\"><img loading=\"lazy\" decoding=\"async\" width=\"410\" height=\"256\" src=\"https:\/\/pwl-headers.com\/wp-content\/uploads\/2023\/11\/przystawki-pwl-headers-6.webp\" class=\"attachment-medium_large size-medium_large wp-image-2698\" alt=\"\" srcset=\"https:\/\/pwl-headers.com\/wp-content\/uploads\/2023\/11\/przystawki-pwl-headers-6.webp 410w, https:\/\/pwl-headers.com\/wp-content\/uploads\/2023\/11\/przystawki-pwl-headers-6-300x187.webp 300w\" sizes=\"(max-width: 410px) 100vw, 410px\" \/><\/div>\n\t\t<\/a>\n\t\t\t\t<div class=\"elementor-post__text\">\n\t\t\t\t<h2 class=\"elementor-post__title\">\n\t\t\t<a href=\"https:\/\/pwl-headers.com\/de\/pwl-speed-flow-10-75\/\" >\n\t\t\t\tPWL Speed FLOW 10.75\t\t\t<\/a>\n\t\t<\/h2>\n\t\t\t\t<div class=\"elementor-post__meta-data\">\n\t\t\t\t\t<span class=\"elementor-post-date\">\n\t\t\t2023-11-02\t\t<\/span>\n\t\t\t\t<\/div>\n\t\t\t\t<div class=\"elementor-post__excerpt\">\n\t\t\t<p>Eine weitere Lieferung an unseren Kunden PWL Speed FLOW 10.75 Sonnenblumenerntevorsatz ging<br \/>\nan Herrn Tomasz aus der Woiwodschaft Mazowieckie. Wir freuen uns, dass wir unseren Kunden<br \/>\nProdukte von h\u00f6chster Qualit\u00e4t liefern k\u00f6nnen. Sie sind f\u00fcr uns sehr wichtig.<\/p>\n\t\t<\/div>\n\t\t\n\t\t<a class=\"elementor-post__read-more\" href=\"https:\/\/pwl-headers.com\/de\/pwl-speed-flow-10-75\/\" aria-label=\"Read more about PWL Speed FLOW 10.75\" tabindex=\"-1\" >\n\t\t\tMehr lesen \u00bb\t\t<\/a>\n\n\t\t\t\t<\/div>\n\t\t\t\t<\/article>\n\t\t\t\t<article class=\"elementor-post elementor-grid-item post-2829 post type-post status-publish format-standard has-post-thumbnail hentry category-unkategorisiert\" role=\"listitem\">\n\t\t\t\t<a class=\"elementor-post__thumbnail__link\" href=\"https:\/\/pwl-headers.com\/de\/pwl-speed-flow-8-75\/\" tabindex=\"-1\" >\n\t\t\t<div class=\"elementor-post__thumbnail\"><img loading=\"lazy\" decoding=\"async\" width=\"410\" height=\"256\" src=\"https:\/\/pwl-headers.com\/wp-content\/uploads\/2023\/11\/przystawki-pwl-headers-2.webp\" class=\"attachment-medium_large size-medium_large wp-image-2702\" alt=\"\" srcset=\"https:\/\/pwl-headers.com\/wp-content\/uploads\/2023\/11\/przystawki-pwl-headers-2.webp 410w, https:\/\/pwl-headers.com\/wp-content\/uploads\/2023\/11\/przystawki-pwl-headers-2-300x187.webp 300w\" sizes=\"(max-width: 410px) 100vw, 410px\" \/><\/div>\n\t\t<\/a>\n\t\t\t\t<div class=\"elementor-post__text\">\n\t\t\t\t<h2 class=\"elementor-post__title\">\n\t\t\t<a href=\"https:\/\/pwl-headers.com\/de\/pwl-speed-flow-8-75\/\" >\n\t\t\t\tPWL Speed FLOW 8.75\t\t\t<\/a>\n\t\t<\/h2>\n\t\t\t\t<div class=\"elementor-post__meta-data\">\n\t\t\t\t\t<span class=\"elementor-post-date\">\n\t\t\t2023-11-02\t\t<\/span>\n\t\t\t\t<\/div>\n\t\t\t\t<div class=\"elementor-post__excerpt\">\n\t\t\t<p>Wir m\u00f6chten uns bei Herrn Arkadiusz aus der Woiwodschaft Lubuskie f\u00fcr den Kauf unseres<br \/>\nSonnenblumenernteger\u00e4ts PWL Speed FLOW 8.75 bedanken. Das Vertrauen unserer Kunden ist f\u00fcr<br \/>\nuns sehr wichtig. Wir sind zuversichtlich, dass Sie mit diesem innovativen Anbauger\u00e4t hervorragende<br \/>\nErnteergebnisse erzielen werden. Wir stehen Ihnen jederzeit gerne mit Rat und Tat zur Seite, wenn<br \/>\nSie Hilfe ben\u00f6tigen. Nochmals vielen Dank.<\/p>\n\t\t<\/div>\n\t\t\n\t\t<a class=\"elementor-post__read-more\" href=\"https:\/\/pwl-headers.com\/de\/pwl-speed-flow-8-75\/\" aria-label=\"Read more about PWL Speed FLOW 8.75\" tabindex=\"-1\" >\n\t\t\tMehr lesen \u00bb\t\t<\/a>\n\n\t\t\t\t<\/div>\n\t\t\t\t<\/article>\n\t\t\t\t<article class=\"elementor-post elementor-grid-item post-2831 post type-post status-publish format-standard has-post-thumbnail hentry category-unkategorisiert\" role=\"listitem\">\n\t\t\t\t<a class=\"elementor-post__thumbnail__link\" href=\"https:\/\/pwl-headers.com\/de\/pwl-master-flow-5-75\/\" tabindex=\"-1\" >\n\t\t\t<div class=\"elementor-post__thumbnail\"><img loading=\"lazy\" decoding=\"async\" width=\"768\" height=\"576\" src=\"https:\/\/pwl-headers.com\/wp-content\/uploads\/2023\/10\/2-1-768x576.webp\" class=\"attachment-medium_large size-medium_large wp-image-1332\" alt=\"\" srcset=\"https:\/\/pwl-headers.com\/wp-content\/uploads\/2023\/10\/2-1-768x576.webp 768w, https:\/\/pwl-headers.com\/wp-content\/uploads\/2023\/10\/2-1-300x225.webp 300w, https:\/\/pwl-headers.com\/wp-content\/uploads\/2023\/10\/2-1.webp 800w\" sizes=\"(max-width: 768px) 100vw, 768px\" \/><\/div>\n\t\t<\/a>\n\t\t\t\t<div class=\"elementor-post__text\">\n\t\t\t\t<h2 class=\"elementor-post__title\">\n\t\t\t<a href=\"https:\/\/pwl-headers.com\/de\/pwl-master-flow-5-75\/\" >\n\t\t\t\tPWL Master FLOW 5.75\t\t\t<\/a>\n\t\t<\/h2>\n\t\t\t\t<div class=\"elementor-post__meta-data\">\n\t\t\t\t\t<span class=\"elementor-post-date\">\n\t\t\t2023-10-26\t\t<\/span>\n\t\t\t\t<\/div>\n\t\t\t\t<div class=\"elementor-post__excerpt\">\n\t\t\t<p>Der PWL Master FLOW 5.75 ging an Herrn Christopher aus der Region Gro\u00dfpolen. Wir m\u00f6chten Ihnen f\u00fcr den Kauf unseres Maisernteger\u00e4ts danken! Es ist eine gro\u00dfe Ehre f\u00fcr uns, dass Sie sich f\u00fcr unser Produkt entschieden haben, um Ihre Ernteeffizienz zu verbessern.<\/p>\n\t\t<\/div>\n\t\t\n\t\t<a class=\"elementor-post__read-more\" href=\"https:\/\/pwl-headers.com\/de\/pwl-master-flow-5-75\/\" aria-label=\"Read more about PWL Master FLOW 5.75\" tabindex=\"-1\" >\n\t\t\tMehr lesen \u00bb\t\t<\/a>\n\n\t\t\t\t<\/div>\n\t\t\t\t<\/article>\n\t\t\t\t<article class=\"elementor-post elementor-grid-item post-2833 post type-post status-publish format-standard has-post-thumbnail hentry category-unkategorisiert\" role=\"listitem\">\n\t\t\t\t<a class=\"elementor-post__thumbnail__link\" href=\"https:\/\/pwl-headers.com\/de\/pwl-master-flow-4-75\/\" tabindex=\"-1\" >\n\t\t\t<div class=\"elementor-post__thumbnail\"><img loading=\"lazy\" decoding=\"async\" width=\"768\" height=\"576\" src=\"https:\/\/pwl-headers.com\/wp-content\/uploads\/2023\/10\/WhatsApp-Image-2023-08-28-at-17.59.13-768x576.jpeg\" class=\"attachment-medium_large size-medium_large wp-image-1016\" alt=\"\" srcset=\"https:\/\/pwl-headers.com\/wp-content\/uploads\/2023\/10\/WhatsApp-Image-2023-08-28-at-17.59.13-768x576.jpeg 768w, https:\/\/pwl-headers.com\/wp-content\/uploads\/2023\/10\/WhatsApp-Image-2023-08-28-at-17.59.13-300x225.jpeg 300w, https:\/\/pwl-headers.com\/wp-content\/uploads\/2023\/10\/WhatsApp-Image-2023-08-28-at-17.59.13-1024x768.jpeg 1024w, https:\/\/pwl-headers.com\/wp-content\/uploads\/2023\/10\/WhatsApp-Image-2023-08-28-at-17.59.13-1536x1153.jpeg 1536w, https:\/\/pwl-headers.com\/wp-content\/uploads\/2023\/10\/WhatsApp-Image-2023-08-28-at-17.59.13.jpeg 1599w\" sizes=\"(max-width: 768px) 100vw, 768px\" \/><\/div>\n\t\t<\/a>\n\t\t\t\t<div class=\"elementor-post__text\">\n\t\t\t\t<h2 class=\"elementor-post__title\">\n\t\t\t<a href=\"https:\/\/pwl-headers.com\/de\/pwl-master-flow-4-75\/\" >\n\t\t\t\tPWL Master FLOW 4.75\t\t\t<\/a>\n\t\t<\/h2>\n\t\t\t\t<div class=\"elementor-post__meta-data\">\n\t\t\t\t\t<span class=\"elementor-post-date\">\n\t\t\t2023-10-23\t\t<\/span>\n\t\t\t\t<\/div>\n\t\t\t\t<div class=\"elementor-post__excerpt\">\n\t\t\t<p>Die neueste Implementierung wurde an den Kunden ausgeliefert. Die Inbetriebnahme und<br \/>\nEinweisung sind die wichtigsten Aspekte f\u00fcr eine erfolgreiche Saison. Deshalb sind unsere<br \/>\nSpezialisten immer f\u00fcr Sie da. Wir danken Ihnen f\u00fcr Ihr Vertrauen. Die Maiserntemaschine PWL<br \/>\nMaster FLOW 4.75 wurde an Herrn Grzegorz in der Woiwodschaft Lubelskie geliefert.<\/p>\n\t\t<\/div>\n\t\t\n\t\t<a class=\"elementor-post__read-more\" href=\"https:\/\/pwl-headers.com\/de\/pwl-master-flow-4-75\/\" aria-label=\"Read more about PWL Master FLOW 4.75\" tabindex=\"-1\" >\n\t\t\tMehr lesen \u00bb\t\t<\/a>\n\n\t\t\t\t<\/div>\n\t\t\t\t<\/article>\n\t\t\t\t<article class=\"elementor-post elementor-grid-item post-2835 post type-post status-publish format-standard has-post-thumbnail hentry category-unkategorisiert\" role=\"listitem\">\n\t\t\t\t<a class=\"elementor-post__thumbnail__link\" href=\"https:\/\/pwl-headers.com\/de\/pwl-master-flow-4-75-2\/\" tabindex=\"-1\" >\n\t\t\t<div class=\"elementor-post__thumbnail\"><img loading=\"lazy\" decoding=\"async\" width=\"768\" height=\"576\" src=\"https:\/\/pwl-headers.com\/wp-content\/uploads\/2023\/10\/przystawka-do-kukurydzy-pwl-master-flow-4-768x576.webp\" class=\"attachment-medium_large size-medium_large wp-image-992\" alt=\"Przystawka do kukurydzy PWL Master Flow\" srcset=\"https:\/\/pwl-headers.com\/wp-content\/uploads\/2023\/10\/przystawka-do-kukurydzy-pwl-master-flow-4-768x576.webp 768w, https:\/\/pwl-headers.com\/wp-content\/uploads\/2023\/10\/przystawka-do-kukurydzy-pwl-master-flow-4-300x225.webp 300w, https:\/\/pwl-headers.com\/wp-content\/uploads\/2023\/10\/przystawka-do-kukurydzy-pwl-master-flow-4.webp 1000w\" sizes=\"(max-width: 768px) 100vw, 768px\" \/><\/div>\n\t\t<\/a>\n\t\t\t\t<div class=\"elementor-post__text\">\n\t\t\t\t<h2 class=\"elementor-post__title\">\n\t\t\t<a href=\"https:\/\/pwl-headers.com\/de\/pwl-master-flow-4-75-2\/\" >\n\t\t\t\tPWL Master FLOW 4.75\t\t\t<\/a>\n\t\t<\/h2>\n\t\t\t\t<div class=\"elementor-post__meta-data\">\n\t\t\t\t\t<span class=\"elementor-post-date\">\n\t\t\t2023-10-09\t\t<\/span>\n\t\t\t\t<\/div>\n\t\t\t\t<div class=\"elementor-post__excerpt\">\n\t\t\t<p>Eine weitere Maschine, die an einen Kunden ausgeliefert wurde: Die Maiserntemaschine PWL Master<br \/>\nFLOW 4.75 wurde an Herrn Tomasz aus der Woiwodschaft \u015awi\u0119tokrzyskie ausgeliefert. Wir danken<br \/>\nIhnen f\u00fcr Ihr Vertrauen. Wenn Sie ein Angebot ben\u00f6tigen, das perfekt auf Ihre Bed\u00fcrfnisse<br \/>\nzugeschnitten ist, kontaktieren Sie uns bitte.<\/p>\n\t\t<\/div>\n\t\t\n\t\t<a class=\"elementor-post__read-more\" href=\"https:\/\/pwl-headers.com\/de\/pwl-master-flow-4-75-2\/\" aria-label=\"Read more about PWL Master FLOW 4.75\" tabindex=\"-1\" >\n\t\t\tMehr lesen \u00bb\t\t<\/a>\n\n\t\t\t\t<\/div>\n\t\t\t\t<\/article>\n\t\t\t\t<\/div>\n\t\t\n\t\t\t\t\t\t<\/div>\n\t\t\t\t<\/div>\n\t\t\t\t\t<\/div>\n\t\t\t\t<\/div>\n\t\t\t\t<\/div>\n\t\t","protected":false},"excerpt":{"rendered":"","protected":false},"author":1,"featured_media":0,"parent":0,"menu_order":0,"comment_status":"closed","ping_status":"closed","template":"","meta":{"footnotes":""},"class_list":["post-2719","page","type-page","status-publish","hentry"],"_links":{"self":[{"href":"https:\/\/pwl-headers.com\/de\/wp-json\/wp\/v2\/pages\/2719","targetHints":{"allow":["GET"]}}],"collection":[{"href":"https:\/\/pwl-headers.com\/de\/wp-json\/wp\/v2\/pages"}],"about":[{"href":"https:\/\/pwl-headers.com\/de\/wp-json\/wp\/v2\/types\/page"}],"author":[{"embeddable":true,"href":"https:\/\/pwl-headers.com\/de\/wp-json\/wp\/v2\/users\/1"}],"replies":[{"embeddable":true,"href":"https:\/\/pwl-headers.com\/de\/wp-json\/wp\/v2\/comments?post=2719"}],"version-history":[{"count":0,"href":"https:\/\/pwl-headers.com\/de\/wp-json\/wp\/v2\/pages\/2719\/revisions"}],"wp:attachment":[{"href":"https:\/\/pwl-headers.com\/de\/wp-json\/wp\/v2\/media?parent=2719"}],"curies":[{"name":"wp","href":"https:\/\/api.w.org\/{rel}","templated":true}]}}